{"id":10,"date":"2019-07-15T18:32:06","date_gmt":"2019-07-15T16:32:06","guid":{"rendered":"http:\/\/xn--rckfhrungstherapie-m6bd.com\/?page_id=10"},"modified":"2025-11-02T19:10:54","modified_gmt":"2025-11-02T18:10:54","slug":"viorica-baroi","status":"publish","type":"page","link":"https:\/\/xn--rckfhrungstherapie-m6bd.com\/en\/viorica-baroi\/","title":{"rendered":"Viorica Baroi"},"content":{"rendered":"<p style=\"text-align: left;\"><img decoding=\"async\" loading=\"lazy\" class=\"wp-image-596 alignnone\" src=\"http:\/\/xn--rckfhrungstherapie-m6bd.com\/wp-content\/uploads\/2020\/01\/Viorica-Baroi_01.png\" alt=\"\" width=\"287\" height=\"368\" srcset=\"https:\/\/xn--rckfhrungstherapie-m6bd.com\/wp-content\/uploads\/2020\/01\/Viorica-Baroi_01.png 828w, https:\/\/xn--rckfhrungstherapie-m6bd.com\/wp-content\/uploads\/2020\/01\/Viorica-Baroi_01-234x300.png 234w, https:\/\/xn--rckfhrungstherapie-m6bd.com\/wp-content\/uploads\/2020\/01\/Viorica-Baroi_01-798x1024.png 798w, https:\/\/xn--rckfhrungstherapie-m6bd.com\/wp-content\/uploads\/2020\/01\/Viorica-Baroi_01-768x986.png 768w\" sizes=\"(max-width: 287px) 100vw, 287px\" \/><\/p>\n<h2>Regression Therapist and Naturopath for Psychotherapy<\/h2>\n<h3>IST Practitioner<\/h3>\n<p>My roots are in Romania, so spirituality has always been a central theme for me. Various psychosomatic diseases at the age of 35 caused a deep incision in my life. My odyssey in search of healing and health led me to a variety of therapists and spiritual teachers.<br \/>\nThis phase of my life was combined with an intense inner retreat and led me to deal with different therapeutic methods. At the beginning of 2012, I found my way to the <a href=\"https:\/\/clairvision.org\">Clairvision School<\/a> and thus to a method that combines psychotherapy and spirituality. The deep inner transformation I have experienced has led me to find my true calling.<br \/>\nAfter training as an IST Practitioner\/Regression Therapist and further education at the Point Horizon Institute (California), I opened my own psychotherapeutic practice.<\/p>\n<p>My heartfelt wish and concern is to support people on their personal path with their individual questions and topics. <span class=\"tlid-translation translation\" lang=\"en\"><span class=\"alt-edited\" title=\"\">Because of <\/span><\/span>the background of my own experiences and experiences, I would like to accompany people to meet themselves and to come into contact with the source of their power.<\/p>\n","protected":false},"excerpt":{"rendered":"<p>Regression Therapist and Naturopath for Psychotherapy IST Practitioner My roots are in Romania, so spirituality has always been a central theme for me. Various psychosomatic diseases at the age of 35 caused a deep incision in my life. My odyssey in search of healing and health led me to a variety of therapists and spiritual &hellip;<\/p>\n<p class=\"read-more\"> <a class=\"\" href=\"https:\/\/xn--rckfhrungstherapie-m6bd.com\/en\/viorica-baroi\/\"> <span class=\"screen-reader-text\">Viorica Baroi<\/span> Read More &raquo;<\/a><\/p>\n","protected":false},"author":1,"featured_media":0,"parent":0,"menu_order":0,"comment_status":"closed","ping_status":"closed","template":"","meta":{"site-sidebar-layout":"no-sidebar","site-content-layout":"plain-container","ast-global-header-display":"","ast-main-header-display":"","ast-hfb-above-header-display":"","ast-hfb-below-header-display":"","ast-hfb-mobile-header-display":"","site-post-title":"","ast-breadcrumbs-content":"","ast-featured-img":"","footer-sml-layout":"","theme-transparent-header-meta":"default","adv-header-id-meta":"","stick-header-meta":"","header-above-stick-meta":"","header-main-stick-meta":"","header-below-stick-meta":"","_themeisle_gutenberg_block_has_review":false,"footnotes":""},"translation":{"provider":"WPGlobus","version":"3.0.2","language":"en","enabled_languages":["de","en"],"languages":{"de":{"title":true,"content":true,"excerpt":false},"en":{"title":true,"content":true,"excerpt":false}}},"yoast_head":"<!-- This site is optimized with the Yoast SEO plugin v22.6 - https:\/\/yoast.com\/wordpress\/plugins\/seo\/ -->\n<title>Viorica Baroi - R\u00fcckf\u00fchrungstherapie.com<\/title>\n<meta name=\"robots\" content=\"index, follow, max-snippet:-1, max-image-preview:large, max-video-preview:-1\" \/>\n<link rel=\"canonical\" href=\"https:\/\/xn--rckfhrungstherapie-m6bd.com\/en\/viorica-baroi\/\" \/>\n<meta property=\"og:locale\" content=\"en_GB\" \/>\n<meta property=\"og:type\" content=\"article\" \/>\n<meta property=\"og:title\" content=\"Viorica Baroi - R\u00fcckf\u00fchrungstherapie.com\" \/>\n<meta property=\"og:url\" content=\"https:\/\/xn--rckfhrungstherapie-m6bd.com\/en\/viorica-baroi\/\" \/>\n<meta property=\"og:site_name\" content=\"R\u00fcckf\u00fchrungstherapie.com\" \/>\n<meta property=\"article:modified_time\" content=\"2025-11-02T18:10:54+00:00\" \/>\n<meta property=\"og:image\" content=\"http:\/\/xn--rckfhrungstherapie-m6bd.com\/wp-content\/uploads\/2020\/01\/Viorica-Baroi_01.png\" \/>\n<meta name=\"twitter:card\" content=\"summary_large_image\" \/>\n<meta name=\"twitter:label1\" content=\"Estimated reading time\" \/>\n\t<meta name=\"twitter:data1\" content=\"2 minutes\" \/>\n<script type=\"application\/ld+json\" class=\"yoast-schema-graph\">{\"@context\":\"https:\/\/schema.org\",\"@graph\":[{\"@type\":\"WebPage\",\"@id\":\"https:\/\/xn--rckfhrungstherapie-m6bd.com\/en\/viorica-baroi\/\",\"url\":\"https:\/\/xn--rckfhrungstherapie-m6bd.com\/en\/viorica-baroi\/\",\"name\":\"Viorica Baroi - R\u00fcckf\u00fchrungstherapie.com\",\"isPartOf\":{\"@id\":\"https:\/\/xn--rckfhrungstherapie-m6bd.com\/en\/#website\"},\"primaryImageOfPage\":{\"@id\":\"https:\/\/xn--rckfhrungstherapie-m6bd.com\/en\/viorica-baroi\/#primaryimage\"},\"image\":{\"@id\":\"https:\/\/xn--rckfhrungstherapie-m6bd.com\/en\/viorica-baroi\/#primaryimage\"},\"thumbnailUrl\":\"http:\/\/xn--rckfhrungstherapie-m6bd.com\/wp-content\/uploads\/2020\/01\/Viorica-Baroi_01.png\",\"datePublished\":\"2019-07-15T16:32:06+00:00\",\"dateModified\":\"2025-11-02T18:10:54+00:00\",\"description\":\"Mein Anliegen ist es, Menschen auf ihrem pers\u00f6nlichen Weg mit ihren individuellen Fragestellungen und Themen zu unterst\u00fctzen.\",\"breadcrumb\":{\"@id\":\"https:\/\/xn--rckfhrungstherapie-m6bd.com\/en\/viorica-baroi\/#breadcrumb\"},\"inLanguage\":\"en-GB\",\"potentialAction\":[{\"@type\":\"ReadAction\",\"target\":[\"https:\/\/xn--rckfhrungstherapie-m6bd.com\/en\/viorica-baroi\/\"]}]},{\"@type\":\"ImageObject\",\"inLanguage\":\"en-GB\",\"@id\":\"https:\/\/xn--rckfhrungstherapie-m6bd.com\/en\/viorica-baroi\/#primaryimage\",\"url\":\"http:\/\/xn--rckfhrungstherapie-m6bd.com\/wp-content\/uploads\/2020\/01\/Viorica-Baroi_01.png\",\"contentUrl\":\"http:\/\/xn--rckfhrungstherapie-m6bd.com\/wp-content\/uploads\/2020\/01\/Viorica-Baroi_01.png\"},{\"@type\":\"BreadcrumbList\",\"@id\":\"https:\/\/xn--rckfhrungstherapie-m6bd.com\/en\/viorica-baroi\/#breadcrumb\",\"itemListElement\":[{\"@type\":\"ListItem\",\"position\":1,\"name\":\"Startseite\",\"item\":\"https:\/\/xn--rckfhrungstherapie-m6bd.com\/\"},{\"@type\":\"ListItem\",\"position\":2,\"name\":\"Viorica Baroi\"}]},{\"@type\":\"WebSite\",\"@id\":\"https:\/\/xn--rckfhrungstherapie-m6bd.com\/en\/#website\",\"url\":\"https:\/\/xn--rckfhrungstherapie-m6bd.com\/en\/\",\"name\":\"R\u00fcckf\u00fchrungstherapie.com\",\"description\":\"Viorica Baroi - R\u00fcckf\u00fchrungstherapeutin und Heilpraktikerin f\u00fcr Psychotherapie | Bonn\",\"publisher\":{\"@id\":\"https:\/\/xn--rckfhrungstherapie-m6bd.com\/en\/#organization\"},\"potentialAction\":[{\"@type\":\"SearchAction\",\"target\":{\"@type\":\"EntryPoint\",\"urlTemplate\":\"https:\/\/xn--rckfhrungstherapie-m6bd.com\/en\/?s={search_term_string}\"},\"query-input\":\"required name=search_term_string\"}],\"inLanguage\":\"en-GB\"},{\"@type\":\"Organization\",\"@id\":\"https:\/\/xn--rckfhrungstherapie-m6bd.com\/en\/#organization\",\"name\":\"www.r\u00fcckf\u00fchrungstherapie.com\",\"url\":\"https:\/\/xn--rckfhrungstherapie-m6bd.com\/en\/\",\"logo\":{\"@type\":\"ImageObject\",\"inLanguage\":\"en-GB\",\"@id\":\"https:\/\/xn--rckfhrungstherapie-m6bd.com\/en\/#\/schema\/logo\/image\/\",\"url\":\"https:\/\/xn--rckfhrungstherapie-m6bd.com\/wp-content\/uploads\/2021\/03\/Viorica-Foto-Web.jpg\",\"contentUrl\":\"https:\/\/xn--rckfhrungstherapie-m6bd.com\/wp-content\/uploads\/2021\/03\/Viorica-Foto-Web.jpg\",\"width\":828,\"height\":1063,\"caption\":\"www.r\u00fcckf\u00fchrungstherapie.com\"},\"image\":{\"@id\":\"https:\/\/xn--rckfhrungstherapie-m6bd.com\/en\/#\/schema\/logo\/image\/\"}}]}<\/script>\n<!-- \/ Yoast SEO plugin. -->","yoast_head_json":{"title":"Viorica Baroi - R\u00fcckf\u00fchrungstherapie.com","robots":{"index":"index","follow":"follow","max-snippet":"max-snippet:-1","max-image-preview":"max-image-preview:large","max-video-preview":"max-video-preview:-1"},"canonical":"https:\/\/xn--rckfhrungstherapie-m6bd.com\/en\/viorica-baroi\/","og_locale":"en_GB","og_type":"article","og_title":"Viorica Baroi - R\u00fcckf\u00fchrungstherapie.com","og_url":"https:\/\/xn--rckfhrungstherapie-m6bd.com\/en\/viorica-baroi\/","og_site_name":"R\u00fcckf\u00fchrungstherapie.com","article_modified_time":"2025-11-02T18:10:54+00:00","og_image":[{"url":"http:\/\/xn--rckfhrungstherapie-m6bd.com\/wp-content\/uploads\/2020\/01\/Viorica-Baroi_01.png"}],"twitter_card":"summary_large_image","twitter_misc":{"Estimated reading time":"2 minutes"},"schema":{"@context":"https:\/\/schema.org","@graph":[{"@type":"WebPage","@id":"https:\/\/xn--rckfhrungstherapie-m6bd.com\/en\/viorica-baroi\/","url":"https:\/\/xn--rckfhrungstherapie-m6bd.com\/en\/viorica-baroi\/","name":"Viorica Baroi - R\u00fcckf\u00fchrungstherapie.com","isPartOf":{"@id":"https:\/\/xn--rckfhrungstherapie-m6bd.com\/en\/#website"},"primaryImageOfPage":{"@id":"https:\/\/xn--rckfhrungstherapie-m6bd.com\/en\/viorica-baroi\/#primaryimage"},"image":{"@id":"https:\/\/xn--rckfhrungstherapie-m6bd.com\/en\/viorica-baroi\/#primaryimage"},"thumbnailUrl":"http:\/\/xn--rckfhrungstherapie-m6bd.com\/wp-content\/uploads\/2020\/01\/Viorica-Baroi_01.png","datePublished":"2019-07-15T16:32:06+00:00","dateModified":"2025-11-02T18:10:54+00:00","description":"Mein Anliegen ist es, Menschen auf ihrem pers\u00f6nlichen Weg mit ihren individuellen Fragestellungen und Themen zu unterst\u00fctzen.","breadcrumb":{"@id":"https:\/\/xn--rckfhrungstherapie-m6bd.com\/en\/viorica-baroi\/#breadcrumb"},"inLanguage":"en-GB","potentialAction":[{"@type":"ReadAction","target":["https:\/\/xn--rckfhrungstherapie-m6bd.com\/en\/viorica-baroi\/"]}]},{"@type":"ImageObject","inLanguage":"en-GB","@id":"https:\/\/xn--rckfhrungstherapie-m6bd.com\/en\/viorica-baroi\/#primaryimage","url":"http:\/\/xn--rckfhrungstherapie-m6bd.com\/wp-content\/uploads\/2020\/01\/Viorica-Baroi_01.png","contentUrl":"http:\/\/xn--rckfhrungstherapie-m6bd.com\/wp-content\/uploads\/2020\/01\/Viorica-Baroi_01.png"},{"@type":"BreadcrumbList","@id":"https:\/\/xn--rckfhrungstherapie-m6bd.com\/en\/viorica-baroi\/#breadcrumb","itemListElement":[{"@type":"ListItem","position":1,"name":"Startseite","item":"https:\/\/xn--rckfhrungstherapie-m6bd.com\/"},{"@type":"ListItem","position":2,"name":"Viorica Baroi"}]},{"@type":"WebSite","@id":"https:\/\/xn--rckfhrungstherapie-m6bd.com\/en\/#website","url":"https:\/\/xn--rckfhrungstherapie-m6bd.com\/en\/","name":"R\u00fcckf\u00fchrungstherapie.com","description":"Viorica Baroi - R\u00fcckf\u00fchrungstherapeutin und Heilpraktikerin f\u00fcr Psychotherapie | Bonn","publisher":{"@id":"https:\/\/xn--rckfhrungstherapie-m6bd.com\/en\/#organization"},"potentialAction":[{"@type":"SearchAction","target":{"@type":"EntryPoint","urlTemplate":"https:\/\/xn--rckfhrungstherapie-m6bd.com\/en\/?s={search_term_string}"},"query-input":"required name=search_term_string"}],"inLanguage":"en-GB"},{"@type":"Organization","@id":"https:\/\/xn--rckfhrungstherapie-m6bd.com\/en\/#organization","name":"www.r\u00fcckf\u00fchrungstherapie.com","url":"https:\/\/xn--rckfhrungstherapie-m6bd.com\/en\/","logo":{"@type":"ImageObject","inLanguage":"en-GB","@id":"https:\/\/xn--rckfhrungstherapie-m6bd.com\/en\/#\/schema\/logo\/image\/","url":"https:\/\/xn--rckfhrungstherapie-m6bd.com\/wp-content\/uploads\/2021\/03\/Viorica-Foto-Web.jpg","contentUrl":"https:\/\/xn--rckfhrungstherapie-m6bd.com\/wp-content\/uploads\/2021\/03\/Viorica-Foto-Web.jpg","width":828,"height":1063,"caption":"www.r\u00fcckf\u00fchrungstherapie.com"},"image":{"@id":"https:\/\/xn--rckfhrungstherapie-m6bd.com\/en\/#\/schema\/logo\/image\/"}}]}},"_links":{"self":[{"href":"https:\/\/xn--rckfhrungstherapie-m6bd.com\/en\/wp-json\/wp\/v2\/pages\/10"}],"collection":[{"href":"https:\/\/xn--rckfhrungstherapie-m6bd.com\/en\/wp-json\/wp\/v2\/pages"}],"about":[{"href":"https:\/\/xn--rckfhrungstherapie-m6bd.com\/en\/wp-json\/wp\/v2\/types\/page"}],"author":[{"embeddable":true,"href":"https:\/\/xn--rckfhrungstherapie-m6bd.com\/en\/wp-json\/wp\/v2\/users\/1"}],"replies":[{"embeddable":true,"href":"https:\/\/xn--rckfhrungstherapie-m6bd.com\/en\/wp-json\/wp\/v2\/comments?post=10"}],"version-history":[{"count":40,"href":"https:\/\/xn--rckfhrungstherapie-m6bd.com\/en\/wp-json\/wp\/v2\/pages\/10\/revisions"}],"predecessor-version":[{"id":877,"href":"https:\/\/xn--rckfhrungstherapie-m6bd.com\/en\/wp-json\/wp\/v2\/pages\/10\/revisions\/877"}],"wp:attachment":[{"href":"https:\/\/xn--rckfhrungstherapie-m6bd.com\/en\/wp-json\/wp\/v2\/media?parent=10"}],"curies":[{"name":"wp","href":"https:\/\/api.w.org\/{rel}","templated":true}]}}