{"id":11,"date":"2019-07-15T18:32:06","date_gmt":"2019-07-15T16:32:06","guid":{"rendered":"http:\/\/xn--rckfhrungstherapie-m6bd.com\/?page_id=11"},"modified":"2020-02-02T16:37:31","modified_gmt":"2020-02-02T15:37:31","slug":"kontakt","status":"publish","type":"page","link":"https:\/\/xn--rckfhrungstherapie-m6bd.com\/en\/kontakt\/","title":{"rendered":"Contact"},"content":{"rendered":"<h5>Appointments for a therapy session can be arranged by phone at<br \/>\n<strong>+49 160 95 54 15 49<\/strong> or by e-mail: <strong>info(at)r\u00fcckf\u00fchrungstherapie.com<\/strong><\/h5>\n<h5>However, you also have the opportunity to contact me via the contact form.<br \/>\nI look forward to hearing from you.<\/h5>\n\n<div class=\"wpcf7 no-js\" id=\"wpcf7-f612-o1\" lang=\"de-DE\" dir=\"ltr\">\n<div class=\"screen-reader-response\"><p role=\"status\" aria-live=\"polite\" aria-atomic=\"true\"><\/p> <ul><\/ul><\/div>\n<form action=\"\/en\/wp-json\/wp\/v2\/pages\/11#wpcf7-f612-o1\" method=\"post\" class=\"wpcf7-form init\" aria-label=\"Kontaktformular\" novalidate=\"novalidate\" data-status=\"init\">\n<div style=\"display: none;\">\n<input type=\"hidden\" name=\"_wpcf7\" value=\"612\" \/>\n<input type=\"hidden\" name=\"_wpcf7_version\" value=\"5.9.8\" \/>\n<input type=\"hidden\" name=\"_wpcf7_locale\" value=\"de_DE\" \/>\n<input type=\"hidden\" name=\"_wpcf7_unit_tag\" value=\"wpcf7-f612-o1\" \/>\n<input type=\"hidden\" name=\"_wpcf7_container_post\" value=\"0\" \/>\n<input type=\"hidden\" name=\"_wpcf7_posted_data_hash\" value=\"\" \/>\n<\/div>\n<p><label> Your Name (mandatory field)<br \/>\n<span class=\"wpcf7-form-control-wrap\" data-name=\"your-name\"><input size=\"40\" maxlength=\"400\" class=\"wpcf7-form-control wpcf7-text wpcf7-validates-as-required\" aria-required=\"true\" aria-invalid=\"false\" value=\"\" type=\"text\" name=\"your-name\" \/><\/span> <\/label>\n<\/p>\n<p><label> Your E-Mail-Address (mandatory field)<br \/>\n<span class=\"wpcf7-form-control-wrap\" data-name=\"your-email\"><input size=\"40\" maxlength=\"400\" class=\"wpcf7-form-control wpcf7-email wpcf7-validates-as-required wpcf7-text wpcf7-validates-as-email\" aria-required=\"true\" aria-invalid=\"false\" value=\"\" type=\"email\" name=\"your-email\" \/><\/span> <\/label>\n<\/p>\n<p><label> Subject<br \/>\n<span class=\"wpcf7-form-control-wrap\" data-name=\"your-subject\"><input size=\"40\" maxlength=\"400\" class=\"wpcf7-form-control wpcf7-text\" aria-invalid=\"false\" value=\"\" type=\"text\" name=\"your-subject\" \/><\/span> <\/label>\n<\/p>\n<p><label> Your message<br \/>\n<span class=\"wpcf7-form-control-wrap\" data-name=\"your-message\"><textarea cols=\"40\" rows=\"10\" maxlength=\"2000\" class=\"wpcf7-form-control wpcf7-textarea\" aria-invalid=\"false\" name=\"your-message\"><\/textarea><\/span> <\/label>\n<\/p>\n<p>We take the protection of your private data very seriously. By using and submitting this form, you agree that you will be contacted by e-mail and telephone and that the data you provide will be collected and stored electronically. You can revoke this consent at any time by sending us a message. We assure you that your data will only be used strictly for the purpose of processing and answering your request. In case of revocation, your data will be deleted immediately. For more information, please refer to the \"http:\/\/returntherapy.com\/privacy agreements\/\">Privacy Policy\n<\/p>\n<p><strong>To prevent SPAM, please answer the following question:<\/strong>\n<\/p>\n<p><span class=\"wpcf7-form-control-wrap\" data-name=\"quiz-287\"><label><span class=\"wpcf7-quiz-label\">What results 16 + 5 =<\/span> <input size=\"40\" class=\"wpcf7-form-control wpcf7-quiz\" autocomplete=\"off\" aria-required=\"true\" aria-invalid=\"false\" type=\"text\" name=\"quiz-287\" \/><\/label><input type=\"hidden\" name=\"_wpcf7_quiz_answer_quiz-287\" value=\"26cc6747eb7656fda404b60ebab1885e\" \/><\/span>\n<\/p>\n<p><input class=\"wpcf7-form-control wpcf7-submit has-spinner\" type=\"submit\" value=\"Send\" \/>\n<\/p><div class=\"wpcf7-response-output\" aria-hidden=\"true\"><\/div>\n<\/form>\n<\/div>\n\n","protected":false},"excerpt":{"rendered":"<p>Termine f\u00fcr eine Therapiesitzung vereinbaren Sie bitte telefonisch unter 0160 95 54 15 49 oder per E-Mail: info(at)r\u00fcckf\u00fchrungstherapie.com Sie haben aber auch hier die M\u00f6glichkeit mich \u00fcber das Kontaktformular zu erreichen. Ich freue mich \u00fcber Ihre Nachricht.<\/p>\n","protected":false},"author":1,"featured_media":0,"parent":0,"menu_order":4,"comment_status":"closed","ping_status":"closed","template":"","meta":{"site-sidebar-layout":"no-sidebar","site-content-layout":"default","ast-global-header-display":"","ast-main-header-display":"","ast-hfb-above-header-display":"","ast-hfb-below-header-display":"","ast-hfb-mobile-header-display":"","site-post-title":"","ast-breadcrumbs-content":"","ast-featured-img":"","footer-sml-layout":"","theme-transparent-header-meta":"default","adv-header-id-meta":"","stick-header-meta":"","header-above-stick-meta":"","header-main-stick-meta":"","header-below-stick-meta":"","_themeisle_gutenberg_block_has_review":false,"footnotes":""},"translation":{"provider":"WPGlobus","version":"3.0.2","language":"gb","enabled_languages":["de","en"],"languages":{"de":{"title":true,"content":true,"excerpt":false},"en":{"title":true,"content":true,"excerpt":false}}},"yoast_head":"<!-- This site is optimized with the Yoast SEO plugin v22.6 - https:\/\/yoast.com\/wordpress\/plugins\/seo\/ -->\n<title>- R\u00fcckf\u00fchrungstherapie.com<\/title>\n<meta name=\"robots\" content=\"index, follow, max-snippet:-1, max-image-preview:large, max-video-preview:-1\" \/>\n<link rel=\"canonical\" href=\"https:\/\/xn--rckfhrungstherapie-m6bd.com\/gb\/kontakt\/\" \/>\n<meta property=\"og:locale\" content=\"en_GB\" \/>\n<meta property=\"og:type\" content=\"article\" \/>\n<meta property=\"og:title\" content=\"- R\u00fcckf\u00fchrungstherapie.com\" \/>\n<meta property=\"og:url\" content=\"https:\/\/xn--rckfhrungstherapie-m6bd.com\/gb\/kontakt\/\" \/>\n<meta property=\"og:site_name\" content=\"R\u00fcckf\u00fchrungstherapie.com\" \/>\n<meta property=\"article:modified_time\" content=\"2020-02-02T15:37:31+00:00\" \/>\n<meta name=\"twitter:card\" content=\"summary_large_image\" \/>\n<script type=\"application\/ld+json\" class=\"yoast-schema-graph\">{\"@context\":\"https:\/\/schema.org\",\"@graph\":[{\"@type\":\"WebPage\",\"@id\":\"https:\/\/xn--rckfhrungstherapie-m6bd.com\/gb\/kontakt\/\",\"url\":\"https:\/\/xn--rckfhrungstherapie-m6bd.com\/gb\/kontakt\/\",\"name\":\"- R\u00fcckf\u00fchrungstherapie.com\",\"isPartOf\":{\"@id\":\"https:\/\/xn--rckfhrungstherapie-m6bd.com\/gb\/#website\"},\"datePublished\":\"2019-07-15T16:32:06+00:00\",\"dateModified\":\"2020-02-02T15:37:31+00:00\",\"breadcrumb\":{\"@id\":\"https:\/\/xn--rckfhrungstherapie-m6bd.com\/gb\/kontakt\/#breadcrumb\"},\"inLanguage\":\"en-GB\",\"potentialAction\":[{\"@type\":\"ReadAction\",\"target\":[\"https:\/\/xn--rckfhrungstherapie-m6bd.com\/gb\/kontakt\/\"]}]},{\"@type\":\"BreadcrumbList\",\"@id\":\"https:\/\/xn--rckfhrungstherapie-m6bd.com\/gb\/kontakt\/#breadcrumb\",\"itemListElement\":[{\"@type\":\"ListItem\",\"position\":1,\"name\":\"Startseite\",\"item\":\"https:\/\/xn--rckfhrungstherapie-m6bd.com\/\"},{\"@type\":\"ListItem\",\"position\":2,\"name\":\"Kontakt\"}]},{\"@type\":\"WebSite\",\"@id\":\"https:\/\/xn--rckfhrungstherapie-m6bd.com\/gb\/#website\",\"url\":\"https:\/\/xn--rckfhrungstherapie-m6bd.com\/gb\/\",\"name\":\"R\u00fcckf\u00fchrungstherapie.com\",\"description\":\"Viorica Baroi - R\u00fcckf\u00fchrungstherapeutin und Heilpraktikerin f\u00fcr Psychotherapie | Bonn\",\"publisher\":{\"@id\":\"https:\/\/xn--rckfhrungstherapie-m6bd.com\/gb\/#organization\"},\"potentialAction\":[{\"@type\":\"SearchAction\",\"target\":{\"@type\":\"EntryPoint\",\"urlTemplate\":\"https:\/\/xn--rckfhrungstherapie-m6bd.com\/gb\/?s={search_term_string}\"},\"query-input\":\"required name=search_term_string\"}],\"inLanguage\":\"en-GB\"},{\"@type\":\"Organization\",\"@id\":\"https:\/\/xn--rckfhrungstherapie-m6bd.com\/gb\/#organization\",\"name\":\"www.r\u00fcckf\u00fchrungstherapie.com\",\"url\":\"https:\/\/xn--rckfhrungstherapie-m6bd.com\/gb\/\",\"logo\":{\"@type\":\"ImageObject\",\"inLanguage\":\"en-GB\",\"@id\":\"https:\/\/xn--rckfhrungstherapie-m6bd.com\/gb\/#\/schema\/logo\/image\/\",\"url\":\"https:\/\/xn--rckfhrungstherapie-m6bd.com\/wp-content\/uploads\/2021\/03\/Viorica-Foto-Web.jpg\",\"contentUrl\":\"https:\/\/xn--rckfhrungstherapie-m6bd.com\/wp-content\/uploads\/2021\/03\/Viorica-Foto-Web.jpg\",\"width\":828,\"height\":1063,\"caption\":\"www.r\u00fcckf\u00fchrungstherapie.com\"},\"image\":{\"@id\":\"https:\/\/xn--rckfhrungstherapie-m6bd.com\/gb\/#\/schema\/logo\/image\/\"}}]}<\/script>\n<!-- \/ Yoast SEO plugin. -->","yoast_head_json":{"title":"- R\u00fcckf\u00fchrungstherapie.com","robots":{"index":"index","follow":"follow","max-snippet":"max-snippet:-1","max-image-preview":"max-image-preview:large","max-video-preview":"max-video-preview:-1"},"canonical":"https:\/\/xn--rckfhrungstherapie-m6bd.com\/gb\/kontakt\/","og_locale":"en_GB","og_type":"article","og_title":"- R\u00fcckf\u00fchrungstherapie.com","og_url":"https:\/\/xn--rckfhrungstherapie-m6bd.com\/gb\/kontakt\/","og_site_name":"R\u00fcckf\u00fchrungstherapie.com","article_modified_time":"2020-02-02T15:37:31+00:00","twitter_card":"summary_large_image","schema":{"@context":"https:\/\/schema.org","@graph":[{"@type":"WebPage","@id":"https:\/\/xn--rckfhrungstherapie-m6bd.com\/gb\/kontakt\/","url":"https:\/\/xn--rckfhrungstherapie-m6bd.com\/gb\/kontakt\/","name":"- R\u00fcckf\u00fchrungstherapie.com","isPartOf":{"@id":"https:\/\/xn--rckfhrungstherapie-m6bd.com\/gb\/#website"},"datePublished":"2019-07-15T16:32:06+00:00","dateModified":"2020-02-02T15:37:31+00:00","breadcrumb":{"@id":"https:\/\/xn--rckfhrungstherapie-m6bd.com\/gb\/kontakt\/#breadcrumb"},"inLanguage":"en-GB","potentialAction":[{"@type":"ReadAction","target":["https:\/\/xn--rckfhrungstherapie-m6bd.com\/gb\/kontakt\/"]}]},{"@type":"BreadcrumbList","@id":"https:\/\/xn--rckfhrungstherapie-m6bd.com\/gb\/kontakt\/#breadcrumb","itemListElement":[{"@type":"ListItem","position":1,"name":"Startseite","item":"https:\/\/xn--rckfhrungstherapie-m6bd.com\/"},{"@type":"ListItem","position":2,"name":"Kontakt"}]},{"@type":"WebSite","@id":"https:\/\/xn--rckfhrungstherapie-m6bd.com\/gb\/#website","url":"https:\/\/xn--rckfhrungstherapie-m6bd.com\/gb\/","name":"R\u00fcckf\u00fchrungstherapie.com","description":"Viorica Baroi - R\u00fcckf\u00fchrungstherapeutin und Heilpraktikerin f\u00fcr Psychotherapie | Bonn","publisher":{"@id":"https:\/\/xn--rckfhrungstherapie-m6bd.com\/gb\/#organization"},"potentialAction":[{"@type":"SearchAction","target":{"@type":"EntryPoint","urlTemplate":"https:\/\/xn--rckfhrungstherapie-m6bd.com\/gb\/?s={search_term_string}"},"query-input":"required name=search_term_string"}],"inLanguage":"en-GB"},{"@type":"Organization","@id":"https:\/\/xn--rckfhrungstherapie-m6bd.com\/gb\/#organization","name":"www.r\u00fcckf\u00fchrungstherapie.com","url":"https:\/\/xn--rckfhrungstherapie-m6bd.com\/gb\/","logo":{"@type":"ImageObject","inLanguage":"en-GB","@id":"https:\/\/xn--rckfhrungstherapie-m6bd.com\/gb\/#\/schema\/logo\/image\/","url":"https:\/\/xn--rckfhrungstherapie-m6bd.com\/wp-content\/uploads\/2021\/03\/Viorica-Foto-Web.jpg","contentUrl":"https:\/\/xn--rckfhrungstherapie-m6bd.com\/wp-content\/uploads\/2021\/03\/Viorica-Foto-Web.jpg","width":828,"height":1063,"caption":"www.r\u00fcckf\u00fchrungstherapie.com"},"image":{"@id":"https:\/\/xn--rckfhrungstherapie-m6bd.com\/gb\/#\/schema\/logo\/image\/"}}]}},"_links":{"self":[{"href":"https:\/\/xn--rckfhrungstherapie-m6bd.com\/gb\/wp-json\/wp\/v2\/pages\/11"}],"collection":[{"href":"https:\/\/xn--rckfhrungstherapie-m6bd.com\/gb\/wp-json\/wp\/v2\/pages"}],"about":[{"href":"https:\/\/xn--rckfhrungstherapie-m6bd.com\/gb\/wp-json\/wp\/v2\/types\/page"}],"author":[{"embeddable":true,"href":"https:\/\/xn--rckfhrungstherapie-m6bd.com\/gb\/wp-json\/wp\/v2\/users\/1"}],"replies":[{"embeddable":true,"href":"https:\/\/xn--rckfhrungstherapie-m6bd.com\/gb\/wp-json\/wp\/v2\/comments?post=11"}],"version-history":[{"count":22,"href":"https:\/\/xn--rckfhrungstherapie-m6bd.com\/gb\/wp-json\/wp\/v2\/pages\/11\/revisions"}],"predecessor-version":[{"id":678,"href":"https:\/\/xn--rckfhrungstherapie-m6bd.com\/gb\/wp-json\/wp\/v2\/pages\/11\/revisions\/678"}],"wp:attachment":[{"href":"https:\/\/xn--rckfhrungstherapie-m6bd.com\/gb\/wp-json\/wp\/v2\/media?parent=11"}],"curies":[{"name":"wp","href":"https:\/\/api.w.org\/{rel}","templated":true}]}}