{"id":166,"date":"2019-07-16T12:38:42","date_gmt":"2019-07-16T10:38:42","guid":{"rendered":"http:\/\/xn--rckfhrungstherapie-m6bd.com\/?page_id=166"},"modified":"2025-11-02T18:55:47","modified_gmt":"2025-11-02T17:55:47","slug":"rueckfuehrungen","status":"publish","type":"page","link":"https:\/\/xn--rckfhrungstherapie-m6bd.com\/en\/rueckfuehrungen\/","title":{"rendered":"Conditions"},"content":{"rendered":"<p>Eine Sitzung dauert in der Regel etwa 1,5 Stunden. Die Geb\u00fchr betr\u00e4gt 70,- \u20ac pro Stunde.<\/p>\n<p>Sitzungen sind auch abends und am Wochenende m\u00f6glich.<\/p>\n<p>Meine Rechnungen sind gem\u00e4\u00df \u00a7 4 Abs. 14 UstG steuerfrei und grunds\u00e4tzlich nach der Therapiestunde zu bezahlen.<br \/>\nIn Einzelf\u00e4llen besteht die M\u00f6glichkeit, private Krankenkassen und Zusatzversicherungen f\u00fcr gesetzlich Versicherte abzurechnen. Bitte erkundigen Sie sich bei Ihrer Krankenkasse.<\/p>\n<p>Kosten f\u00fcr medizinische Behandlungen k\u00f6nnen als au\u00dferordentliche Belastungen gem\u00e4\u00df \u00a7 33 EStg geltend gemacht werden.<\/p>\n<h3>Terminabsage<\/h3>\n<p>Bitte haben Sie Verst\u00e4ndnis daf\u00fcr, dass es sich bei den mit Ihnen vereinbarten Behandlungsterminen um feste Termine handelt.<\/p>\n<p>Sollten Sie einen Termin nicht wahrnehmen k\u00f6nnen, bitte ich Sie, diesen rechtzeitig (24 Stunden im Voraus) abzusagen, damit ich die M\u00f6glichkeit habe, diesen Termin anderen Kunden anzubieten. Verpasste oder vers\u00e4umte Termine k\u00f6nnen gem\u00e4\u00df \u00a7 611 BGB in Rechnung gestellt werden.<\/p>\n","protected":false},"excerpt":{"rendered":"<p>Eine Sitzung dauert in der Regel etwa 1,5 Stunden. Die Geb\u00fchr betr\u00e4gt 70,- \u20ac pro Stunde. Sitzungen sind auch abends und am Wochenende m\u00f6glich. Meine Rechnungen sind gem\u00e4\u00df \u00a7 4 Abs. 14 UstG steuerfrei und grunds\u00e4tzlich nach der Therapiestunde zu bezahlen. In Einzelf\u00e4llen besteht die M\u00f6glichkeit, private Krankenkassen und Zusatzversicherungen f\u00fcr gesetzlich Versicherte abzurechnen. Bitte &hellip;<\/p>\n<p class=\"read-more\"> <a class=\"\" href=\"https:\/\/xn--rckfhrungstherapie-m6bd.com\/en\/rueckfuehrungen\/\"> <span class=\"screen-reader-text\">Conditions<\/span> Read More &raquo;<\/a><\/p>\n","protected":false},"author":1,"featured_media":0,"parent":0,"menu_order":0,"comment_status":"closed","ping_status":"closed","template":"","meta":{"site-sidebar-layout":"default","site-content-layout":"default","ast-global-header-display":"","ast-main-header-display":"","ast-hfb-above-header-display":"","ast-hfb-below-header-display":"","ast-hfb-mobile-header-display":"","site-post-title":"","ast-breadcrumbs-content":"","ast-featured-img":"","footer-sml-layout":"","theme-transparent-header-meta":"default","adv-header-id-meta":"","stick-header-meta":"","header-above-stick-meta":"","header-main-stick-meta":"","header-below-stick-meta":"","_themeisle_gutenberg_block_has_review":false,"footnotes":""},"translation":{"provider":"WPGlobus","version":"3.0.2","language":"en","enabled_languages":["de","en"],"languages":{"de":{"title":true,"content":true,"excerpt":false},"en":{"title":true,"content":true,"excerpt":false}}},"yoast_head":"<!-- This site is optimized with the Yoast SEO plugin v22.6 - https:\/\/yoast.com\/wordpress\/plugins\/seo\/ -->\n<title>Conditions - R\u00fcckf\u00fchrungstherapie.com<\/title>\n<meta name=\"robots\" content=\"index, follow, max-snippet:-1, max-image-preview:large, max-video-preview:-1\" \/>\n<link rel=\"canonical\" href=\"https:\/\/xn--rckfhrungstherapie-m6bd.com\/en\/rueckfuehrungen\/\" \/>\n<meta property=\"og:locale\" content=\"en_GB\" \/>\n<meta property=\"og:type\" content=\"article\" \/>\n<meta property=\"og:title\" content=\"Conditions - R\u00fcckf\u00fchrungstherapie.com\" \/>\n<meta property=\"og:url\" content=\"https:\/\/xn--rckfhrungstherapie-m6bd.com\/en\/rueckfuehrungen\/\" \/>\n<meta property=\"og:site_name\" content=\"R\u00fcckf\u00fchrungstherapie.com\" \/>\n<meta property=\"article:modified_time\" content=\"2025-11-02T17:55:47+00:00\" \/>\n<meta name=\"twitter:card\" content=\"summary_large_image\" \/>\n<meta name=\"twitter:label1\" content=\"Estimated reading time\" \/>\n\t<meta name=\"twitter:data1\" content=\"1 minute\" \/>\n<script type=\"application\/ld+json\" class=\"yoast-schema-graph\">{\"@context\":\"https:\/\/schema.org\",\"@graph\":[{\"@type\":\"WebPage\",\"@id\":\"https:\/\/xn--rckfhrungstherapie-m6bd.com\/en\/rueckfuehrungen\/\",\"url\":\"https:\/\/xn--rckfhrungstherapie-m6bd.com\/en\/rueckfuehrungen\/\",\"name\":\"Conditions - R\u00fcckf\u00fchrungstherapie.com\",\"isPartOf\":{\"@id\":\"https:\/\/xn--rckfhrungstherapie-m6bd.com\/en\/#website\"},\"datePublished\":\"2019-07-16T10:38:42+00:00\",\"dateModified\":\"2025-11-02T17:55:47+00:00\",\"description\":\"Mit Hilfe einer R\u00fcckf\u00fchrung ist es m\u00f6glich, einen Einblick in sein fr\u00fcheres Leben zu erhalten. Inner Space Technique \u2013 eine Therapie f\u00fcr Freiheit im Hier und Jetzt.\",\"breadcrumb\":{\"@id\":\"https:\/\/xn--rckfhrungstherapie-m6bd.com\/en\/rueckfuehrungen\/#breadcrumb\"},\"inLanguage\":\"en-GB\",\"potentialAction\":[{\"@type\":\"ReadAction\",\"target\":[\"https:\/\/xn--rckfhrungstherapie-m6bd.com\/en\/rueckfuehrungen\/\"]}]},{\"@type\":\"BreadcrumbList\",\"@id\":\"https:\/\/xn--rckfhrungstherapie-m6bd.com\/en\/rueckfuehrungen\/#breadcrumb\",\"itemListElement\":[{\"@type\":\"ListItem\",\"position\":1,\"name\":\"Startseite\",\"item\":\"https:\/\/xn--rckfhrungstherapie-m6bd.com\/\"},{\"@type\":\"ListItem\",\"position\":2,\"name\":\"Konditionen\"}]},{\"@type\":\"WebSite\",\"@id\":\"https:\/\/xn--rckfhrungstherapie-m6bd.com\/en\/#website\",\"url\":\"https:\/\/xn--rckfhrungstherapie-m6bd.com\/en\/\",\"name\":\"R\u00fcckf\u00fchrungstherapie.com\",\"description\":\"Viorica Baroi - R\u00fcckf\u00fchrungstherapeutin und Heilpraktikerin f\u00fcr Psychotherapie | Bonn\",\"publisher\":{\"@id\":\"https:\/\/xn--rckfhrungstherapie-m6bd.com\/en\/#organization\"},\"potentialAction\":[{\"@type\":\"SearchAction\",\"target\":{\"@type\":\"EntryPoint\",\"urlTemplate\":\"https:\/\/xn--rckfhrungstherapie-m6bd.com\/en\/?s={search_term_string}\"},\"query-input\":\"required name=search_term_string\"}],\"inLanguage\":\"en-GB\"},{\"@type\":\"Organization\",\"@id\":\"https:\/\/xn--rckfhrungstherapie-m6bd.com\/en\/#organization\",\"name\":\"www.r\u00fcckf\u00fchrungstherapie.com\",\"url\":\"https:\/\/xn--rckfhrungstherapie-m6bd.com\/en\/\",\"logo\":{\"@type\":\"ImageObject\",\"inLanguage\":\"en-GB\",\"@id\":\"https:\/\/xn--rckfhrungstherapie-m6bd.com\/en\/#\/schema\/logo\/image\/\",\"url\":\"https:\/\/xn--rckfhrungstherapie-m6bd.com\/wp-content\/uploads\/2021\/03\/Viorica-Foto-Web.jpg\",\"contentUrl\":\"https:\/\/xn--rckfhrungstherapie-m6bd.com\/wp-content\/uploads\/2021\/03\/Viorica-Foto-Web.jpg\",\"width\":828,\"height\":1063,\"caption\":\"www.r\u00fcckf\u00fchrungstherapie.com\"},\"image\":{\"@id\":\"https:\/\/xn--rckfhrungstherapie-m6bd.com\/en\/#\/schema\/logo\/image\/\"}}]}<\/script>\n<!-- \/ Yoast SEO plugin. -->","yoast_head_json":{"title":"Conditions - R\u00fcckf\u00fchrungstherapie.com","robots":{"index":"index","follow":"follow","max-snippet":"max-snippet:-1","max-image-preview":"max-image-preview:large","max-video-preview":"max-video-preview:-1"},"canonical":"https:\/\/xn--rckfhrungstherapie-m6bd.com\/en\/rueckfuehrungen\/","og_locale":"en_GB","og_type":"article","og_title":"Conditions - R\u00fcckf\u00fchrungstherapie.com","og_url":"https:\/\/xn--rckfhrungstherapie-m6bd.com\/en\/rueckfuehrungen\/","og_site_name":"R\u00fcckf\u00fchrungstherapie.com","article_modified_time":"2025-11-02T17:55:47+00:00","twitter_card":"summary_large_image","twitter_misc":{"Estimated reading time":"1 minute"},"schema":{"@context":"https:\/\/schema.org","@graph":[{"@type":"WebPage","@id":"https:\/\/xn--rckfhrungstherapie-m6bd.com\/en\/rueckfuehrungen\/","url":"https:\/\/xn--rckfhrungstherapie-m6bd.com\/en\/rueckfuehrungen\/","name":"Conditions - R\u00fcckf\u00fchrungstherapie.com","isPartOf":{"@id":"https:\/\/xn--rckfhrungstherapie-m6bd.com\/en\/#website"},"datePublished":"2019-07-16T10:38:42+00:00","dateModified":"2025-11-02T17:55:47+00:00","description":"Mit Hilfe einer R\u00fcckf\u00fchrung ist es m\u00f6glich, einen Einblick in sein fr\u00fcheres Leben zu erhalten. Inner Space Technique \u2013 eine Therapie f\u00fcr Freiheit im Hier und Jetzt.","breadcrumb":{"@id":"https:\/\/xn--rckfhrungstherapie-m6bd.com\/en\/rueckfuehrungen\/#breadcrumb"},"inLanguage":"en-GB","potentialAction":[{"@type":"ReadAction","target":["https:\/\/xn--rckfhrungstherapie-m6bd.com\/en\/rueckfuehrungen\/"]}]},{"@type":"BreadcrumbList","@id":"https:\/\/xn--rckfhrungstherapie-m6bd.com\/en\/rueckfuehrungen\/#breadcrumb","itemListElement":[{"@type":"ListItem","position":1,"name":"Startseite","item":"https:\/\/xn--rckfhrungstherapie-m6bd.com\/"},{"@type":"ListItem","position":2,"name":"Konditionen"}]},{"@type":"WebSite","@id":"https:\/\/xn--rckfhrungstherapie-m6bd.com\/en\/#website","url":"https:\/\/xn--rckfhrungstherapie-m6bd.com\/en\/","name":"R\u00fcckf\u00fchrungstherapie.com","description":"Viorica Baroi - R\u00fcckf\u00fchrungstherapeutin und Heilpraktikerin f\u00fcr Psychotherapie | Bonn","publisher":{"@id":"https:\/\/xn--rckfhrungstherapie-m6bd.com\/en\/#organization"},"potentialAction":[{"@type":"SearchAction","target":{"@type":"EntryPoint","urlTemplate":"https:\/\/xn--rckfhrungstherapie-m6bd.com\/en\/?s={search_term_string}"},"query-input":"required name=search_term_string"}],"inLanguage":"en-GB"},{"@type":"Organization","@id":"https:\/\/xn--rckfhrungstherapie-m6bd.com\/en\/#organization","name":"www.r\u00fcckf\u00fchrungstherapie.com","url":"https:\/\/xn--rckfhrungstherapie-m6bd.com\/en\/","logo":{"@type":"ImageObject","inLanguage":"en-GB","@id":"https:\/\/xn--rckfhrungstherapie-m6bd.com\/en\/#\/schema\/logo\/image\/","url":"https:\/\/xn--rckfhrungstherapie-m6bd.com\/wp-content\/uploads\/2021\/03\/Viorica-Foto-Web.jpg","contentUrl":"https:\/\/xn--rckfhrungstherapie-m6bd.com\/wp-content\/uploads\/2021\/03\/Viorica-Foto-Web.jpg","width":828,"height":1063,"caption":"www.r\u00fcckf\u00fchrungstherapie.com"},"image":{"@id":"https:\/\/xn--rckfhrungstherapie-m6bd.com\/en\/#\/schema\/logo\/image\/"}}]}},"_links":{"self":[{"href":"https:\/\/xn--rckfhrungstherapie-m6bd.com\/en\/wp-json\/wp\/v2\/pages\/166"}],"collection":[{"href":"https:\/\/xn--rckfhrungstherapie-m6bd.com\/en\/wp-json\/wp\/v2\/pages"}],"about":[{"href":"https:\/\/xn--rckfhrungstherapie-m6bd.com\/en\/wp-json\/wp\/v2\/types\/page"}],"author":[{"embeddable":true,"href":"https:\/\/xn--rckfhrungstherapie-m6bd.com\/en\/wp-json\/wp\/v2\/users\/1"}],"replies":[{"embeddable":true,"href":"https:\/\/xn--rckfhrungstherapie-m6bd.com\/en\/wp-json\/wp\/v2\/comments?post=166"}],"version-history":[{"count":19,"href":"https:\/\/xn--rckfhrungstherapie-m6bd.com\/en\/wp-json\/wp\/v2\/pages\/166\/revisions"}],"predecessor-version":[{"id":876,"href":"https:\/\/xn--rckfhrungstherapie-m6bd.com\/en\/wp-json\/wp\/v2\/pages\/166\/revisions\/876"}],"wp:attachment":[{"href":"https:\/\/xn--rckfhrungstherapie-m6bd.com\/en\/wp-json\/wp\/v2\/media?parent=166"}],"curies":[{"name":"wp","href":"https:\/\/api.w.org\/{rel}","templated":true}]}}