{"id":307,"date":"2019-07-19T12:57:21","date_gmt":"2019-07-19T10:57:21","guid":{"rendered":"http:\/\/xn--rckfhrungstherapie-m6bd.com\/?page_id=307"},"modified":"2022-11-24T16:08:49","modified_gmt":"2022-11-24T15:08:49","slug":"links","status":"publish","type":"page","link":"https:\/\/xn--rckfhrungstherapie-m6bd.com\/en\/links\/","title":{"rendered":"Links"},"content":{"rendered":"<h5>Here you will find interesting links around the topic of repatriation.<br data-bm=\"23\" \/>Disclaimer: Despite careful control of the content, I do not accept any liability for the contents of external links. The operators of the linked pages are solely responsible for their content.<\/h5>\n<p>Meditation School Clairvision School: <a class=\"t_underline\" href=\"https:\/\/ssl.microsofttranslator.com\/bv.aspx?ref=TVert&amp;from=&amp;to=en&amp;a=www.clairvision.org\" target=\"_blank\" rel=\"noopener noreferrer\" data-bm=\"25\">www.clairvision.org<\/a><br data-bm=\"26\" \/>Dr. Torsten Schenk: <a class=\"t_underline\" href=\"https:\/\/ssl.microsofttranslator.com\/bv.aspx?ref=TVert&amp;from=&amp;to=en&amp;a=www.aureolus.de\" target=\"_blank\" rel=\"noopener noreferrer\" data-bm=\"28\">www.aureolus.de<\/a><\/p>\n","protected":false},"excerpt":{"rendered":"<p>Here you will find interesting links around the topic of repatriation.Disclaimer: Despite careful control of the content, I do not accept any liability for the contents of external links. The operators of the linked pages are solely responsible for their content. Meditation School Clairvision School: www.clairvision.orgDr. Torsten Schenk: www.aureolus.de<\/p>\n","protected":false},"author":1,"featured_media":0,"parent":0,"menu_order":0,"comment_status":"closed","ping_status":"closed","template":"","meta":{"site-sidebar-layout":"default","site-content-layout":"default","ast-global-header-display":"","ast-main-header-display":"","ast-hfb-above-header-display":"","ast-hfb-below-header-display":"","ast-hfb-mobile-header-display":"","site-post-title":"","ast-breadcrumbs-content":"","ast-featured-img":"","footer-sml-layout":"","theme-transparent-header-meta":"default","adv-header-id-meta":"","stick-header-meta":"","header-above-stick-meta":"","header-main-stick-meta":"","header-below-stick-meta":"","_themeisle_gutenberg_block_has_review":false,"footnotes":""},"translation":{"provider":"WPGlobus","version":"3.0.2","language":"en","enabled_languages":["de","en"],"languages":{"de":{"title":true,"content":true,"excerpt":false},"en":{"title":false,"content":true,"excerpt":false}}},"yoast_head":"<!-- This site is optimized with the Yoast SEO plugin v22.6 - https:\/\/yoast.com\/wordpress\/plugins\/seo\/ -->\n<title>Links - R\u00fcckf\u00fchrungstherapie.com<\/title>\n<meta name=\"robots\" content=\"index, follow, max-snippet:-1, max-image-preview:large, max-video-preview:-1\" \/>\n<link rel=\"canonical\" href=\"https:\/\/xn--rckfhrungstherapie-m6bd.com\/en\/links\/\" \/>\n<meta property=\"og:locale\" content=\"en_GB\" \/>\n<meta property=\"og:type\" content=\"article\" \/>\n<meta property=\"og:title\" content=\"Links - R\u00fcckf\u00fchrungstherapie.com\" \/>\n<meta property=\"og:url\" content=\"https:\/\/xn--rckfhrungstherapie-m6bd.com\/en\/links\/\" \/>\n<meta property=\"og:site_name\" content=\"R\u00fcckf\u00fchrungstherapie.com\" \/>\n<meta property=\"article:modified_time\" content=\"2022-11-24T15:08:49+00:00\" \/>\n<meta name=\"twitter:card\" content=\"summary_large_image\" \/>\n<meta name=\"twitter:label1\" content=\"Estimated reading time\" \/>\n\t<meta name=\"twitter:data1\" content=\"1 minute\" \/>\n<script type=\"application\/ld+json\" class=\"yoast-schema-graph\">{\"@context\":\"https:\/\/schema.org\",\"@graph\":[{\"@type\":\"WebPage\",\"@id\":\"https:\/\/xn--rckfhrungstherapie-m6bd.com\/en\/links\/\",\"url\":\"https:\/\/xn--rckfhrungstherapie-m6bd.com\/en\/links\/\",\"name\":\"Links - R\u00fcckf\u00fchrungstherapie.com\",\"isPartOf\":{\"@id\":\"https:\/\/xn--rckfhrungstherapie-m6bd.com\/en\/#website\"},\"datePublished\":\"2019-07-19T10:57:21+00:00\",\"dateModified\":\"2022-11-24T15:08:49+00:00\",\"breadcrumb\":{\"@id\":\"https:\/\/xn--rckfhrungstherapie-m6bd.com\/en\/links\/#breadcrumb\"},\"inLanguage\":\"en-GB\",\"potentialAction\":[{\"@type\":\"ReadAction\",\"target\":[\"https:\/\/xn--rckfhrungstherapie-m6bd.com\/en\/links\/\"]}]},{\"@type\":\"BreadcrumbList\",\"@id\":\"https:\/\/xn--rckfhrungstherapie-m6bd.com\/en\/links\/#breadcrumb\",\"itemListElement\":[{\"@type\":\"ListItem\",\"position\":1,\"name\":\"Startseite\",\"item\":\"https:\/\/xn--rckfhrungstherapie-m6bd.com\/\"},{\"@type\":\"ListItem\",\"position\":2,\"name\":\"Links\"}]},{\"@type\":\"WebSite\",\"@id\":\"https:\/\/xn--rckfhrungstherapie-m6bd.com\/en\/#website\",\"url\":\"https:\/\/xn--rckfhrungstherapie-m6bd.com\/en\/\",\"name\":\"R\u00fcckf\u00fchrungstherapie.com\",\"description\":\"Viorica Baroi - R\u00fcckf\u00fchrungstherapeutin und Heilpraktikerin f\u00fcr Psychotherapie | Bonn\",\"publisher\":{\"@id\":\"https:\/\/xn--rckfhrungstherapie-m6bd.com\/en\/#organization\"},\"potentialAction\":[{\"@type\":\"SearchAction\",\"target\":{\"@type\":\"EntryPoint\",\"urlTemplate\":\"https:\/\/xn--rckfhrungstherapie-m6bd.com\/en\/?s={search_term_string}\"},\"query-input\":\"required name=search_term_string\"}],\"inLanguage\":\"en-GB\"},{\"@type\":\"Organization\",\"@id\":\"https:\/\/xn--rckfhrungstherapie-m6bd.com\/en\/#organization\",\"name\":\"www.r\u00fcckf\u00fchrungstherapie.com\",\"url\":\"https:\/\/xn--rckfhrungstherapie-m6bd.com\/en\/\",\"logo\":{\"@type\":\"ImageObject\",\"inLanguage\":\"en-GB\",\"@id\":\"https:\/\/xn--rckfhrungstherapie-m6bd.com\/en\/#\/schema\/logo\/image\/\",\"url\":\"https:\/\/xn--rckfhrungstherapie-m6bd.com\/wp-content\/uploads\/2021\/03\/Viorica-Foto-Web.jpg\",\"contentUrl\":\"https:\/\/xn--rckfhrungstherapie-m6bd.com\/wp-content\/uploads\/2021\/03\/Viorica-Foto-Web.jpg\",\"width\":828,\"height\":1063,\"caption\":\"www.r\u00fcckf\u00fchrungstherapie.com\"},\"image\":{\"@id\":\"https:\/\/xn--rckfhrungstherapie-m6bd.com\/en\/#\/schema\/logo\/image\/\"}}]}<\/script>\n<!-- \/ Yoast SEO plugin. -->","yoast_head_json":{"title":"Links - R\u00fcckf\u00fchrungstherapie.com","robots":{"index":"index","follow":"follow","max-snippet":"max-snippet:-1","max-image-preview":"max-image-preview:large","max-video-preview":"max-video-preview:-1"},"canonical":"https:\/\/xn--rckfhrungstherapie-m6bd.com\/en\/links\/","og_locale":"en_GB","og_type":"article","og_title":"Links - R\u00fcckf\u00fchrungstherapie.com","og_url":"https:\/\/xn--rckfhrungstherapie-m6bd.com\/en\/links\/","og_site_name":"R\u00fcckf\u00fchrungstherapie.com","article_modified_time":"2022-11-24T15:08:49+00:00","twitter_card":"summary_large_image","twitter_misc":{"Estimated reading time":"1 minute"},"schema":{"@context":"https:\/\/schema.org","@graph":[{"@type":"WebPage","@id":"https:\/\/xn--rckfhrungstherapie-m6bd.com\/en\/links\/","url":"https:\/\/xn--rckfhrungstherapie-m6bd.com\/en\/links\/","name":"Links - R\u00fcckf\u00fchrungstherapie.com","isPartOf":{"@id":"https:\/\/xn--rckfhrungstherapie-m6bd.com\/en\/#website"},"datePublished":"2019-07-19T10:57:21+00:00","dateModified":"2022-11-24T15:08:49+00:00","breadcrumb":{"@id":"https:\/\/xn--rckfhrungstherapie-m6bd.com\/en\/links\/#breadcrumb"},"inLanguage":"en-GB","potentialAction":[{"@type":"ReadAction","target":["https:\/\/xn--rckfhrungstherapie-m6bd.com\/en\/links\/"]}]},{"@type":"BreadcrumbList","@id":"https:\/\/xn--rckfhrungstherapie-m6bd.com\/en\/links\/#breadcrumb","itemListElement":[{"@type":"ListItem","position":1,"name":"Startseite","item":"https:\/\/xn--rckfhrungstherapie-m6bd.com\/"},{"@type":"ListItem","position":2,"name":"Links"}]},{"@type":"WebSite","@id":"https:\/\/xn--rckfhrungstherapie-m6bd.com\/en\/#website","url":"https:\/\/xn--rckfhrungstherapie-m6bd.com\/en\/","name":"R\u00fcckf\u00fchrungstherapie.com","description":"Viorica Baroi - R\u00fcckf\u00fchrungstherapeutin und Heilpraktikerin f\u00fcr Psychotherapie | Bonn","publisher":{"@id":"https:\/\/xn--rckfhrungstherapie-m6bd.com\/en\/#organization"},"potentialAction":[{"@type":"SearchAction","target":{"@type":"EntryPoint","urlTemplate":"https:\/\/xn--rckfhrungstherapie-m6bd.com\/en\/?s={search_term_string}"},"query-input":"required name=search_term_string"}],"inLanguage":"en-GB"},{"@type":"Organization","@id":"https:\/\/xn--rckfhrungstherapie-m6bd.com\/en\/#organization","name":"www.r\u00fcckf\u00fchrungstherapie.com","url":"https:\/\/xn--rckfhrungstherapie-m6bd.com\/en\/","logo":{"@type":"ImageObject","inLanguage":"en-GB","@id":"https:\/\/xn--rckfhrungstherapie-m6bd.com\/en\/#\/schema\/logo\/image\/","url":"https:\/\/xn--rckfhrungstherapie-m6bd.com\/wp-content\/uploads\/2021\/03\/Viorica-Foto-Web.jpg","contentUrl":"https:\/\/xn--rckfhrungstherapie-m6bd.com\/wp-content\/uploads\/2021\/03\/Viorica-Foto-Web.jpg","width":828,"height":1063,"caption":"www.r\u00fcckf\u00fchrungstherapie.com"},"image":{"@id":"https:\/\/xn--rckfhrungstherapie-m6bd.com\/en\/#\/schema\/logo\/image\/"}}]}},"_links":{"self":[{"href":"https:\/\/xn--rckfhrungstherapie-m6bd.com\/en\/wp-json\/wp\/v2\/pages\/307"}],"collection":[{"href":"https:\/\/xn--rckfhrungstherapie-m6bd.com\/en\/wp-json\/wp\/v2\/pages"}],"about":[{"href":"https:\/\/xn--rckfhrungstherapie-m6bd.com\/en\/wp-json\/wp\/v2\/types\/page"}],"author":[{"embeddable":true,"href":"https:\/\/xn--rckfhrungstherapie-m6bd.com\/en\/wp-json\/wp\/v2\/users\/1"}],"replies":[{"embeddable":true,"href":"https:\/\/xn--rckfhrungstherapie-m6bd.com\/en\/wp-json\/wp\/v2\/comments?post=307"}],"version-history":[{"count":14,"href":"https:\/\/xn--rckfhrungstherapie-m6bd.com\/en\/wp-json\/wp\/v2\/pages\/307\/revisions"}],"predecessor-version":[{"id":798,"href":"https:\/\/xn--rckfhrungstherapie-m6bd.com\/en\/wp-json\/wp\/v2\/pages\/307\/revisions\/798"}],"wp:attachment":[{"href":"https:\/\/xn--rckfhrungstherapie-m6bd.com\/en\/wp-json\/wp\/v2\/media?parent=307"}],"curies":[{"name":"wp","href":"https:\/\/api.w.org\/{rel}","templated":true}]}}