{"id":343,"date":"2019-07-26T20:24:08","date_gmt":"2019-07-26T18:24:08","guid":{"rendered":"http:\/\/xn--rckfhrungstherapie-m6bd.com\/?page_id=343"},"modified":"2020-02-07T19:59:50","modified_gmt":"2020-02-07T18:59:50","slug":"sitzung","status":"publish","type":"page","link":"https:\/\/xn--rckfhrungstherapie-m6bd.com\/en\/sitzung\/","title":{"rendered":"Session"},"content":{"rendered":"<h2><strong>What happens in our sessions?<\/strong><\/h2>\n<p class=\"font_7\">The first session is about getting to know each other. It is important that you feel comfortable with me before we start working together. I will ask you some questions about your health and your current situation and we will explore a bit about what brought you to see me.<\/p>\n<div id=\"SITE_CONTAINER\">\n<div class=\"noop\">\n<div id=\"SITE_ROOT\" class=\"SITE_ROOT\" aria-hidden=\"false\">\n<div id=\"masterPage\" class=\"mesh-layout\" data-mesh-layout=\"grid\"><\/div>\n<\/div>\n<\/div>\n<\/div>\n<p>Then you will be led step by step into a meditative state in a comfortable, lying position, while remaining fully conscious.<\/p>\n<p>This state makes it possible to explore the inner spaces associated with the present problem. During the session, I will ask you questions to deepen the process and uncover important patterns in the psyche. Together, we look at them and work on solutions that can fundamentally change your life.<\/p>\n<p>The first session lasts about 2 hours, each additional session 1.5 hours.<\/p>\n<h4><strong>\u00a0Confidentiality<\/strong><\/h4>\n<p>Everything that happens in the safety space during the meeting is subject to the legal obligation of confidentiality and, of course, remains confidential.<\/p>\n","protected":false},"excerpt":{"rendered":"<p>What happens in our sessions? The first session is about getting to know each other. It is important that you feel comfortable with me before we start working together. I will ask you some questions about your health and your current situation and we will explore a bit about what brought you to see me. &hellip;<\/p>\n<p class=\"read-more\"> <a class=\"\" href=\"https:\/\/xn--rckfhrungstherapie-m6bd.com\/en\/sitzung\/\"> <span class=\"screen-reader-text\">Session<\/span> Read More &raquo;<\/a><\/p>\n","protected":false},"author":1,"featured_media":0,"parent":0,"menu_order":0,"comment_status":"closed","ping_status":"closed","template":"","meta":{"site-sidebar-layout":"default","site-content-layout":"default","ast-global-header-display":"","ast-main-header-display":"","ast-hfb-above-header-display":"","ast-hfb-below-header-display":"","ast-hfb-mobile-header-display":"","site-post-title":"","ast-breadcrumbs-content":"","ast-featured-img":"","footer-sml-layout":"","theme-transparent-header-meta":"default","adv-header-id-meta":"","stick-header-meta":"","header-above-stick-meta":"","header-main-stick-meta":"","header-below-stick-meta":"","_themeisle_gutenberg_block_has_review":false,"footnotes":""},"translation":{"provider":"WPGlobus","version":"3.0.2","language":"en","enabled_languages":["de","en"],"languages":{"de":{"title":true,"content":true,"excerpt":false},"en":{"title":true,"content":true,"excerpt":false}}},"yoast_head":"<!-- This site is optimized with the Yoast SEO plugin v22.6 - https:\/\/yoast.com\/wordpress\/plugins\/seo\/ -->\n<title>Session - R\u00fcckf\u00fchrungstherapie.com<\/title>\n<meta name=\"description\" content=\"In der ersten Sitzung geht es darum, sich kennenzulernen. Es ist wichtig, dass Sie sich bei mir wohl f\u00fchlen, bevor wir mit der Zusammenarbeit beginnen.\" \/>\n<meta name=\"robots\" content=\"index, follow, max-snippet:-1, max-image-preview:large, max-video-preview:-1\" \/>\n<link rel=\"canonical\" href=\"https:\/\/xn--rckfhrungstherapie-m6bd.com\/en\/sitzung\/\" \/>\n<meta property=\"og:locale\" content=\"en_GB\" \/>\n<meta property=\"og:type\" content=\"article\" \/>\n<meta property=\"og:title\" content=\"Session - R\u00fcckf\u00fchrungstherapie.com\" \/>\n<meta property=\"og:description\" content=\"In der ersten Sitzung geht es darum, sich kennenzulernen. Es ist wichtig, dass Sie sich bei mir wohl f\u00fchlen, bevor wir mit der Zusammenarbeit beginnen.\" \/>\n<meta property=\"og:url\" content=\"https:\/\/xn--rckfhrungstherapie-m6bd.com\/en\/sitzung\/\" \/>\n<meta property=\"og:site_name\" content=\"R\u00fcckf\u00fchrungstherapie.com\" \/>\n<meta property=\"article:modified_time\" content=\"2020-02-07T18:59:50+00:00\" \/>\n<meta name=\"twitter:card\" content=\"summary_large_image\" \/>\n<meta name=\"twitter:label1\" content=\"Estimated reading time\" \/>\n\t<meta name=\"twitter:data1\" content=\"2 minutes\" \/>\n<script type=\"application\/ld+json\" class=\"yoast-schema-graph\">{\"@context\":\"https:\/\/schema.org\",\"@graph\":[{\"@type\":\"WebPage\",\"@id\":\"https:\/\/xn--rckfhrungstherapie-m6bd.com\/en\/sitzung\/\",\"url\":\"https:\/\/xn--rckfhrungstherapie-m6bd.com\/en\/sitzung\/\",\"name\":\"Session - R\u00fcckf\u00fchrungstherapie.com\",\"isPartOf\":{\"@id\":\"https:\/\/xn--rckfhrungstherapie-m6bd.com\/en\/#website\"},\"datePublished\":\"2019-07-26T18:24:08+00:00\",\"dateModified\":\"2020-02-07T18:59:50+00:00\",\"description\":\"In der ersten Sitzung geht es darum, sich kennenzulernen. Es ist wichtig, dass Sie sich bei mir wohl f\u00fchlen, bevor wir mit der Zusammenarbeit beginnen.\",\"breadcrumb\":{\"@id\":\"https:\/\/xn--rckfhrungstherapie-m6bd.com\/en\/sitzung\/#breadcrumb\"},\"inLanguage\":\"en-GB\",\"potentialAction\":[{\"@type\":\"ReadAction\",\"target\":[\"https:\/\/xn--rckfhrungstherapie-m6bd.com\/en\/sitzung\/\"]}]},{\"@type\":\"BreadcrumbList\",\"@id\":\"https:\/\/xn--rckfhrungstherapie-m6bd.com\/en\/sitzung\/#breadcrumb\",\"itemListElement\":[{\"@type\":\"ListItem\",\"position\":1,\"name\":\"Startseite\",\"item\":\"https:\/\/xn--rckfhrungstherapie-m6bd.com\/\"},{\"@type\":\"ListItem\",\"position\":2,\"name\":\"Sitzung\"}]},{\"@type\":\"WebSite\",\"@id\":\"https:\/\/xn--rckfhrungstherapie-m6bd.com\/en\/#website\",\"url\":\"https:\/\/xn--rckfhrungstherapie-m6bd.com\/en\/\",\"name\":\"R\u00fcckf\u00fchrungstherapie.com\",\"description\":\"Viorica Baroi - R\u00fcckf\u00fchrungstherapeutin und Heilpraktikerin f\u00fcr Psychotherapie | Bonn\",\"publisher\":{\"@id\":\"https:\/\/xn--rckfhrungstherapie-m6bd.com\/en\/#organization\"},\"potentialAction\":[{\"@type\":\"SearchAction\",\"target\":{\"@type\":\"EntryPoint\",\"urlTemplate\":\"https:\/\/xn--rckfhrungstherapie-m6bd.com\/en\/?s={search_term_string}\"},\"query-input\":\"required name=search_term_string\"}],\"inLanguage\":\"en-GB\"},{\"@type\":\"Organization\",\"@id\":\"https:\/\/xn--rckfhrungstherapie-m6bd.com\/en\/#organization\",\"name\":\"www.r\u00fcckf\u00fchrungstherapie.com\",\"url\":\"https:\/\/xn--rckfhrungstherapie-m6bd.com\/en\/\",\"logo\":{\"@type\":\"ImageObject\",\"inLanguage\":\"en-GB\",\"@id\":\"https:\/\/xn--rckfhrungstherapie-m6bd.com\/en\/#\/schema\/logo\/image\/\",\"url\":\"https:\/\/xn--rckfhrungstherapie-m6bd.com\/wp-content\/uploads\/2021\/03\/Viorica-Foto-Web.jpg\",\"contentUrl\":\"https:\/\/xn--rckfhrungstherapie-m6bd.com\/wp-content\/uploads\/2021\/03\/Viorica-Foto-Web.jpg\",\"width\":828,\"height\":1063,\"caption\":\"www.r\u00fcckf\u00fchrungstherapie.com\"},\"image\":{\"@id\":\"https:\/\/xn--rckfhrungstherapie-m6bd.com\/en\/#\/schema\/logo\/image\/\"}}]}<\/script>\n<!-- \/ Yoast SEO plugin. -->","yoast_head_json":{"title":"Session - R\u00fcckf\u00fchrungstherapie.com","description":"In der ersten Sitzung geht es darum, sich kennenzulernen. Es ist wichtig, dass Sie sich bei mir wohl f\u00fchlen, bevor wir mit der Zusammenarbeit beginnen.","robots":{"index":"index","follow":"follow","max-snippet":"max-snippet:-1","max-image-preview":"max-image-preview:large","max-video-preview":"max-video-preview:-1"},"canonical":"https:\/\/xn--rckfhrungstherapie-m6bd.com\/en\/sitzung\/","og_locale":"en_GB","og_type":"article","og_title":"Session - R\u00fcckf\u00fchrungstherapie.com","og_description":"In der ersten Sitzung geht es darum, sich kennenzulernen. Es ist wichtig, dass Sie sich bei mir wohl f\u00fchlen, bevor wir mit der Zusammenarbeit beginnen.","og_url":"https:\/\/xn--rckfhrungstherapie-m6bd.com\/en\/sitzung\/","og_site_name":"R\u00fcckf\u00fchrungstherapie.com","article_modified_time":"2020-02-07T18:59:50+00:00","twitter_card":"summary_large_image","twitter_misc":{"Estimated reading time":"2 minutes"},"schema":{"@context":"https:\/\/schema.org","@graph":[{"@type":"WebPage","@id":"https:\/\/xn--rckfhrungstherapie-m6bd.com\/en\/sitzung\/","url":"https:\/\/xn--rckfhrungstherapie-m6bd.com\/en\/sitzung\/","name":"Session - R\u00fcckf\u00fchrungstherapie.com","isPartOf":{"@id":"https:\/\/xn--rckfhrungstherapie-m6bd.com\/en\/#website"},"datePublished":"2019-07-26T18:24:08+00:00","dateModified":"2020-02-07T18:59:50+00:00","description":"In der ersten Sitzung geht es darum, sich kennenzulernen. Es ist wichtig, dass Sie sich bei mir wohl f\u00fchlen, bevor wir mit der Zusammenarbeit beginnen.","breadcrumb":{"@id":"https:\/\/xn--rckfhrungstherapie-m6bd.com\/en\/sitzung\/#breadcrumb"},"inLanguage":"en-GB","potentialAction":[{"@type":"ReadAction","target":["https:\/\/xn--rckfhrungstherapie-m6bd.com\/en\/sitzung\/"]}]},{"@type":"BreadcrumbList","@id":"https:\/\/xn--rckfhrungstherapie-m6bd.com\/en\/sitzung\/#breadcrumb","itemListElement":[{"@type":"ListItem","position":1,"name":"Startseite","item":"https:\/\/xn--rckfhrungstherapie-m6bd.com\/"},{"@type":"ListItem","position":2,"name":"Sitzung"}]},{"@type":"WebSite","@id":"https:\/\/xn--rckfhrungstherapie-m6bd.com\/en\/#website","url":"https:\/\/xn--rckfhrungstherapie-m6bd.com\/en\/","name":"R\u00fcckf\u00fchrungstherapie.com","description":"Viorica Baroi - R\u00fcckf\u00fchrungstherapeutin und Heilpraktikerin f\u00fcr Psychotherapie | Bonn","publisher":{"@id":"https:\/\/xn--rckfhrungstherapie-m6bd.com\/en\/#organization"},"potentialAction":[{"@type":"SearchAction","target":{"@type":"EntryPoint","urlTemplate":"https:\/\/xn--rckfhrungstherapie-m6bd.com\/en\/?s={search_term_string}"},"query-input":"required name=search_term_string"}],"inLanguage":"en-GB"},{"@type":"Organization","@id":"https:\/\/xn--rckfhrungstherapie-m6bd.com\/en\/#organization","name":"www.r\u00fcckf\u00fchrungstherapie.com","url":"https:\/\/xn--rckfhrungstherapie-m6bd.com\/en\/","logo":{"@type":"ImageObject","inLanguage":"en-GB","@id":"https:\/\/xn--rckfhrungstherapie-m6bd.com\/en\/#\/schema\/logo\/image\/","url":"https:\/\/xn--rckfhrungstherapie-m6bd.com\/wp-content\/uploads\/2021\/03\/Viorica-Foto-Web.jpg","contentUrl":"https:\/\/xn--rckfhrungstherapie-m6bd.com\/wp-content\/uploads\/2021\/03\/Viorica-Foto-Web.jpg","width":828,"height":1063,"caption":"www.r\u00fcckf\u00fchrungstherapie.com"},"image":{"@id":"https:\/\/xn--rckfhrungstherapie-m6bd.com\/en\/#\/schema\/logo\/image\/"}}]}},"_links":{"self":[{"href":"https:\/\/xn--rckfhrungstherapie-m6bd.com\/en\/wp-json\/wp\/v2\/pages\/343"}],"collection":[{"href":"https:\/\/xn--rckfhrungstherapie-m6bd.com\/en\/wp-json\/wp\/v2\/pages"}],"about":[{"href":"https:\/\/xn--rckfhrungstherapie-m6bd.com\/en\/wp-json\/wp\/v2\/types\/page"}],"author":[{"embeddable":true,"href":"https:\/\/xn--rckfhrungstherapie-m6bd.com\/en\/wp-json\/wp\/v2\/users\/1"}],"replies":[{"embeddable":true,"href":"https:\/\/xn--rckfhrungstherapie-m6bd.com\/en\/wp-json\/wp\/v2\/comments?post=343"}],"version-history":[{"count":22,"href":"https:\/\/xn--rckfhrungstherapie-m6bd.com\/en\/wp-json\/wp\/v2\/pages\/343\/revisions"}],"predecessor-version":[{"id":698,"href":"https:\/\/xn--rckfhrungstherapie-m6bd.com\/en\/wp-json\/wp\/v2\/pages\/343\/revisions\/698"}],"wp:attachment":[{"href":"https:\/\/xn--rckfhrungstherapie-m6bd.com\/en\/wp-json\/wp\/v2\/media?parent=343"}],"curies":[{"name":"wp","href":"https:\/\/api.w.org\/{rel}","templated":true}]}}