{"id":575,"date":"2019-12-14T18:32:12","date_gmt":"2019-12-14T17:32:12","guid":{"rendered":"http:\/\/xn--rckfhrungstherapie-m6bd.com\/?page_id=575"},"modified":"2020-02-10T12:56:40","modified_gmt":"2020-02-10T11:56:40","slug":"praxis","status":"publish","type":"page","link":"https:\/\/xn--rckfhrungstherapie-m6bd.com\/en\/praxis\/","title":{"rendered":"Office"},"content":{"rendered":"<h2><strong>Adolfstra\u00dfe 104, Bonn 53111<\/strong><\/h2>\n<p>My office is centrally located in the old part of Bonn, in a listed building.<br \/>\nIt is easily accessible by public transport. The railway lines 61.65 and the bus lines 550, 632 are about 5 min. away. The K\u00f6lnstra\u00dfe and the motorway junctions A555 and A565 are in the immediate vicinity. Parking is available in the surrounding streets.<\/p>\n<p>You can call me on <strong>0160 95 54 15 49<\/strong> or use <a href=\"http:\/\/xn--rckfhrungstherapie-m6bd.com\/kontakt\/\">my contact form<\/a>.<\/p>\n<p><img decoding=\"async\" loading=\"lazy\" class=\"alignnone wp-image-543\" src=\"http:\/\/xn--rckfhrungstherapie-m6bd.com\/wp-content\/uploads\/2019\/12\/Hintergrund21.png\" alt=\"\" width=\"888\" height=\"538\" srcset=\"https:\/\/xn--rckfhrungstherapie-m6bd.com\/wp-content\/uploads\/2019\/12\/Hintergrund21.png 909w, https:\/\/xn--rckfhrungstherapie-m6bd.com\/wp-content\/uploads\/2019\/12\/Hintergrund21-300x182.png 300w, https:\/\/xn--rckfhrungstherapie-m6bd.com\/wp-content\/uploads\/2019\/12\/Hintergrund21-768x466.png 768w\" sizes=\"(max-width: 888px) 100vw, 888px\" \/><\/p>\n<p><img decoding=\"async\" loading=\"lazy\" class=\"alignnone wp-image-541\" src=\"http:\/\/xn--rckfhrungstherapie-m6bd.com\/wp-content\/uploads\/2019\/12\/Hintergrund11.png\" alt=\"\" width=\"886\" height=\"537\" srcset=\"https:\/\/xn--rckfhrungstherapie-m6bd.com\/wp-content\/uploads\/2019\/12\/Hintergrund11.png 909w, https:\/\/xn--rckfhrungstherapie-m6bd.com\/wp-content\/uploads\/2019\/12\/Hintergrund11-300x182.png 300w, https:\/\/xn--rckfhrungstherapie-m6bd.com\/wp-content\/uploads\/2019\/12\/Hintergrund11-768x466.png 768w\" sizes=\"(max-width: 886px) 100vw, 886px\" \/><\/p>\n<p><img decoding=\"async\" loading=\"lazy\" class=\"alignnone wp-image-706 \" src=\"http:\/\/xn--rckfhrungstherapie-m6bd.com\/wp-content\/uploads\/2020\/02\/Hintergrund51.png\" alt=\"\" width=\"887\" height=\"585\" srcset=\"https:\/\/xn--rckfhrungstherapie-m6bd.com\/wp-content\/uploads\/2020\/02\/Hintergrund51.png 916w, https:\/\/xn--rckfhrungstherapie-m6bd.com\/wp-content\/uploads\/2020\/02\/Hintergrund51-300x198.png 300w, https:\/\/xn--rckfhrungstherapie-m6bd.com\/wp-content\/uploads\/2020\/02\/Hintergrund51-768x506.png 768w\" sizes=\"(max-width: 887px) 100vw, 887px\" \/><\/p>\n<p><img decoding=\"async\" loading=\"lazy\" class=\"alignnone wp-image-547 \" src=\"http:\/\/xn--rckfhrungstherapie-m6bd.com\/wp-content\/uploads\/2019\/12\/Hintergrund41.png\" alt=\"\" width=\"887\" height=\"538\" srcset=\"https:\/\/xn--rckfhrungstherapie-m6bd.com\/wp-content\/uploads\/2019\/12\/Hintergrund41.png 909w, https:\/\/xn--rckfhrungstherapie-m6bd.com\/wp-content\/uploads\/2019\/12\/Hintergrund41-300x182.png 300w, https:\/\/xn--rckfhrungstherapie-m6bd.com\/wp-content\/uploads\/2019\/12\/Hintergrund41-768x466.png 768w\" sizes=\"(max-width: 887px) 100vw, 887px\" \/><\/p>\n","protected":false},"excerpt":{"rendered":"<p>Adolfstra\u00dfe 104, Bonn 53111 My office is centrally located in the old part of Bonn, in a listed building. It is easily accessible by public transport. The railway lines 61.65 and the bus lines 550, 632 are about 5 min. away. The K\u00f6lnstra\u00dfe and the motorway junctions A555 and A565 are in the immediate vicinity. &hellip;<\/p>\n<p class=\"read-more\"> <a class=\"\" href=\"https:\/\/xn--rckfhrungstherapie-m6bd.com\/en\/praxis\/\"> <span class=\"screen-reader-text\">Office<\/span> Read More &raquo;<\/a><\/p>\n","protected":false},"author":1,"featured_media":0,"parent":0,"menu_order":0,"comment_status":"closed","ping_status":"closed","template":"","meta":{"site-sidebar-layout":"default","site-content-layout":"default","ast-global-header-display":"","ast-main-header-display":"","ast-hfb-above-header-display":"","ast-hfb-below-header-display":"","ast-hfb-mobile-header-display":"","site-post-title":"","ast-breadcrumbs-content":"","ast-featured-img":"","footer-sml-layout":"","theme-transparent-header-meta":"default","adv-header-id-meta":"","stick-header-meta":"","header-above-stick-meta":"","header-main-stick-meta":"","header-below-stick-meta":"","_themeisle_gutenberg_block_has_review":false,"footnotes":""},"translation":{"provider":"WPGlobus","version":"3.0.2","language":"en","enabled_languages":["de","en"],"languages":{"de":{"title":true,"content":true,"excerpt":false},"en":{"title":true,"content":true,"excerpt":false}}},"yoast_head":"<!-- This site is optimized with the Yoast SEO plugin v22.6 - https:\/\/yoast.com\/wordpress\/plugins\/seo\/ -->\n<title>Office - R\u00fcckf\u00fchrungstherapie.com<\/title>\n<meta name=\"robots\" content=\"index, follow, max-snippet:-1, max-image-preview:large, max-video-preview:-1\" \/>\n<link rel=\"canonical\" href=\"https:\/\/xn--rckfhrungstherapie-m6bd.com\/en\/praxis\/\" \/>\n<meta property=\"og:locale\" content=\"en_GB\" \/>\n<meta property=\"og:type\" content=\"article\" \/>\n<meta property=\"og:title\" content=\"Office - R\u00fcckf\u00fchrungstherapie.com\" \/>\n<meta property=\"og:url\" content=\"https:\/\/xn--rckfhrungstherapie-m6bd.com\/en\/praxis\/\" \/>\n<meta property=\"og:site_name\" content=\"R\u00fcckf\u00fchrungstherapie.com\" \/>\n<meta property=\"article:modified_time\" content=\"2020-02-10T11:56:40+00:00\" \/>\n<meta property=\"og:image\" content=\"http:\/\/xn--rckfhrungstherapie-m6bd.com\/wp-content\/uploads\/2019\/12\/Hintergrund21.png\" \/>\n<meta name=\"twitter:card\" content=\"summary_large_image\" \/>\n<meta name=\"twitter:label1\" content=\"Estimated reading time\" \/>\n\t<meta name=\"twitter:data1\" content=\"1 minute\" \/>\n<script type=\"application\/ld+json\" class=\"yoast-schema-graph\">{\"@context\":\"https:\/\/schema.org\",\"@graph\":[{\"@type\":\"WebPage\",\"@id\":\"https:\/\/xn--rckfhrungstherapie-m6bd.com\/en\/praxis\/\",\"url\":\"https:\/\/xn--rckfhrungstherapie-m6bd.com\/en\/praxis\/\",\"name\":\"Office - R\u00fcckf\u00fchrungstherapie.com\",\"isPartOf\":{\"@id\":\"https:\/\/xn--rckfhrungstherapie-m6bd.com\/en\/#website\"},\"primaryImageOfPage\":{\"@id\":\"https:\/\/xn--rckfhrungstherapie-m6bd.com\/en\/praxis\/#primaryimage\"},\"image\":{\"@id\":\"https:\/\/xn--rckfhrungstherapie-m6bd.com\/en\/praxis\/#primaryimage\"},\"thumbnailUrl\":\"http:\/\/xn--rckfhrungstherapie-m6bd.com\/wp-content\/uploads\/2019\/12\/Hintergrund21.png\",\"datePublished\":\"2019-12-14T17:32:12+00:00\",\"dateModified\":\"2020-02-10T11:56:40+00:00\",\"description\":\"Meine Praxis liegt zentral in der Bonner Altstadt, in einem denkmalgesch\u00fctzten Geb\u00e4ude und ist mit \u00f6ffentlichen Verkehrsmitteln bequem zu erreichen.\",\"breadcrumb\":{\"@id\":\"https:\/\/xn--rckfhrungstherapie-m6bd.com\/en\/praxis\/#breadcrumb\"},\"inLanguage\":\"en-GB\",\"potentialAction\":[{\"@type\":\"ReadAction\",\"target\":[\"https:\/\/xn--rckfhrungstherapie-m6bd.com\/en\/praxis\/\"]}]},{\"@type\":\"ImageObject\",\"inLanguage\":\"en-GB\",\"@id\":\"https:\/\/xn--rckfhrungstherapie-m6bd.com\/en\/praxis\/#primaryimage\",\"url\":\"http:\/\/xn--rckfhrungstherapie-m6bd.com\/wp-content\/uploads\/2019\/12\/Hintergrund21.png\",\"contentUrl\":\"http:\/\/xn--rckfhrungstherapie-m6bd.com\/wp-content\/uploads\/2019\/12\/Hintergrund21.png\"},{\"@type\":\"BreadcrumbList\",\"@id\":\"https:\/\/xn--rckfhrungstherapie-m6bd.com\/en\/praxis\/#breadcrumb\",\"itemListElement\":[{\"@type\":\"ListItem\",\"position\":1,\"name\":\"Startseite\",\"item\":\"https:\/\/xn--rckfhrungstherapie-m6bd.com\/\"},{\"@type\":\"ListItem\",\"position\":2,\"name\":\"Office\"}]},{\"@type\":\"WebSite\",\"@id\":\"https:\/\/xn--rckfhrungstherapie-m6bd.com\/en\/#website\",\"url\":\"https:\/\/xn--rckfhrungstherapie-m6bd.com\/en\/\",\"name\":\"R\u00fcckf\u00fchrungstherapie.com\",\"description\":\"Viorica Baroi - R\u00fcckf\u00fchrungstherapeutin und Heilpraktikerin f\u00fcr Psychotherapie | Bonn\",\"publisher\":{\"@id\":\"https:\/\/xn--rckfhrungstherapie-m6bd.com\/en\/#organization\"},\"potentialAction\":[{\"@type\":\"SearchAction\",\"target\":{\"@type\":\"EntryPoint\",\"urlTemplate\":\"https:\/\/xn--rckfhrungstherapie-m6bd.com\/en\/?s={search_term_string}\"},\"query-input\":\"required name=search_term_string\"}],\"inLanguage\":\"en-GB\"},{\"@type\":\"Organization\",\"@id\":\"https:\/\/xn--rckfhrungstherapie-m6bd.com\/en\/#organization\",\"name\":\"www.r\u00fcckf\u00fchrungstherapie.com\",\"url\":\"https:\/\/xn--rckfhrungstherapie-m6bd.com\/en\/\",\"logo\":{\"@type\":\"ImageObject\",\"inLanguage\":\"en-GB\",\"@id\":\"https:\/\/xn--rckfhrungstherapie-m6bd.com\/en\/#\/schema\/logo\/image\/\",\"url\":\"https:\/\/xn--rckfhrungstherapie-m6bd.com\/wp-content\/uploads\/2021\/03\/Viorica-Foto-Web.jpg\",\"contentUrl\":\"https:\/\/xn--rckfhrungstherapie-m6bd.com\/wp-content\/uploads\/2021\/03\/Viorica-Foto-Web.jpg\",\"width\":828,\"height\":1063,\"caption\":\"www.r\u00fcckf\u00fchrungstherapie.com\"},\"image\":{\"@id\":\"https:\/\/xn--rckfhrungstherapie-m6bd.com\/en\/#\/schema\/logo\/image\/\"}}]}<\/script>\n<!-- \/ Yoast SEO plugin. -->","yoast_head_json":{"title":"Office - R\u00fcckf\u00fchrungstherapie.com","robots":{"index":"index","follow":"follow","max-snippet":"max-snippet:-1","max-image-preview":"max-image-preview:large","max-video-preview":"max-video-preview:-1"},"canonical":"https:\/\/xn--rckfhrungstherapie-m6bd.com\/en\/praxis\/","og_locale":"en_GB","og_type":"article","og_title":"Office - R\u00fcckf\u00fchrungstherapie.com","og_url":"https:\/\/xn--rckfhrungstherapie-m6bd.com\/en\/praxis\/","og_site_name":"R\u00fcckf\u00fchrungstherapie.com","article_modified_time":"2020-02-10T11:56:40+00:00","og_image":[{"url":"http:\/\/xn--rckfhrungstherapie-m6bd.com\/wp-content\/uploads\/2019\/12\/Hintergrund21.png"}],"twitter_card":"summary_large_image","twitter_misc":{"Estimated reading time":"1 minute"},"schema":{"@context":"https:\/\/schema.org","@graph":[{"@type":"WebPage","@id":"https:\/\/xn--rckfhrungstherapie-m6bd.com\/en\/praxis\/","url":"https:\/\/xn--rckfhrungstherapie-m6bd.com\/en\/praxis\/","name":"Office - R\u00fcckf\u00fchrungstherapie.com","isPartOf":{"@id":"https:\/\/xn--rckfhrungstherapie-m6bd.com\/en\/#website"},"primaryImageOfPage":{"@id":"https:\/\/xn--rckfhrungstherapie-m6bd.com\/en\/praxis\/#primaryimage"},"image":{"@id":"https:\/\/xn--rckfhrungstherapie-m6bd.com\/en\/praxis\/#primaryimage"},"thumbnailUrl":"http:\/\/xn--rckfhrungstherapie-m6bd.com\/wp-content\/uploads\/2019\/12\/Hintergrund21.png","datePublished":"2019-12-14T17:32:12+00:00","dateModified":"2020-02-10T11:56:40+00:00","description":"Meine Praxis liegt zentral in der Bonner Altstadt, in einem denkmalgesch\u00fctzten Geb\u00e4ude und ist mit \u00f6ffentlichen Verkehrsmitteln bequem zu erreichen.","breadcrumb":{"@id":"https:\/\/xn--rckfhrungstherapie-m6bd.com\/en\/praxis\/#breadcrumb"},"inLanguage":"en-GB","potentialAction":[{"@type":"ReadAction","target":["https:\/\/xn--rckfhrungstherapie-m6bd.com\/en\/praxis\/"]}]},{"@type":"ImageObject","inLanguage":"en-GB","@id":"https:\/\/xn--rckfhrungstherapie-m6bd.com\/en\/praxis\/#primaryimage","url":"http:\/\/xn--rckfhrungstherapie-m6bd.com\/wp-content\/uploads\/2019\/12\/Hintergrund21.png","contentUrl":"http:\/\/xn--rckfhrungstherapie-m6bd.com\/wp-content\/uploads\/2019\/12\/Hintergrund21.png"},{"@type":"BreadcrumbList","@id":"https:\/\/xn--rckfhrungstherapie-m6bd.com\/en\/praxis\/#breadcrumb","itemListElement":[{"@type":"ListItem","position":1,"name":"Startseite","item":"https:\/\/xn--rckfhrungstherapie-m6bd.com\/"},{"@type":"ListItem","position":2,"name":"Office"}]},{"@type":"WebSite","@id":"https:\/\/xn--rckfhrungstherapie-m6bd.com\/en\/#website","url":"https:\/\/xn--rckfhrungstherapie-m6bd.com\/en\/","name":"R\u00fcckf\u00fchrungstherapie.com","description":"Viorica Baroi - R\u00fcckf\u00fchrungstherapeutin und Heilpraktikerin f\u00fcr Psychotherapie | Bonn","publisher":{"@id":"https:\/\/xn--rckfhrungstherapie-m6bd.com\/en\/#organization"},"potentialAction":[{"@type":"SearchAction","target":{"@type":"EntryPoint","urlTemplate":"https:\/\/xn--rckfhrungstherapie-m6bd.com\/en\/?s={search_term_string}"},"query-input":"required name=search_term_string"}],"inLanguage":"en-GB"},{"@type":"Organization","@id":"https:\/\/xn--rckfhrungstherapie-m6bd.com\/en\/#organization","name":"www.r\u00fcckf\u00fchrungstherapie.com","url":"https:\/\/xn--rckfhrungstherapie-m6bd.com\/en\/","logo":{"@type":"ImageObject","inLanguage":"en-GB","@id":"https:\/\/xn--rckfhrungstherapie-m6bd.com\/en\/#\/schema\/logo\/image\/","url":"https:\/\/xn--rckfhrungstherapie-m6bd.com\/wp-content\/uploads\/2021\/03\/Viorica-Foto-Web.jpg","contentUrl":"https:\/\/xn--rckfhrungstherapie-m6bd.com\/wp-content\/uploads\/2021\/03\/Viorica-Foto-Web.jpg","width":828,"height":1063,"caption":"www.r\u00fcckf\u00fchrungstherapie.com"},"image":{"@id":"https:\/\/xn--rckfhrungstherapie-m6bd.com\/en\/#\/schema\/logo\/image\/"}}]}},"_links":{"self":[{"href":"https:\/\/xn--rckfhrungstherapie-m6bd.com\/en\/wp-json\/wp\/v2\/pages\/575"}],"collection":[{"href":"https:\/\/xn--rckfhrungstherapie-m6bd.com\/en\/wp-json\/wp\/v2\/pages"}],"about":[{"href":"https:\/\/xn--rckfhrungstherapie-m6bd.com\/en\/wp-json\/wp\/v2\/types\/page"}],"author":[{"embeddable":true,"href":"https:\/\/xn--rckfhrungstherapie-m6bd.com\/en\/wp-json\/wp\/v2\/users\/1"}],"replies":[{"embeddable":true,"href":"https:\/\/xn--rckfhrungstherapie-m6bd.com\/en\/wp-json\/wp\/v2\/comments?post=575"}],"version-history":[{"count":20,"href":"https:\/\/xn--rckfhrungstherapie-m6bd.com\/en\/wp-json\/wp\/v2\/pages\/575\/revisions"}],"predecessor-version":[{"id":709,"href":"https:\/\/xn--rckfhrungstherapie-m6bd.com\/en\/wp-json\/wp\/v2\/pages\/575\/revisions\/709"}],"wp:attachment":[{"href":"https:\/\/xn--rckfhrungstherapie-m6bd.com\/en\/wp-json\/wp\/v2\/media?parent=575"}],"curies":[{"name":"wp","href":"https:\/\/api.w.org\/{rel}","templated":true}]}}